{"id":3,"date":"2024-12-17T15:59:27","date_gmt":"2024-12-17T15:59:27","guid":{"rendered":"https:\/\/adv.page\/blog\/?page_id=3"},"modified":"2025-02-19T18:35:56","modified_gmt":"2025-02-19T18:35:56","slug":"politica-de-privacidade","status":"publish","type":"page","link":"https:\/\/adv.page\/blog\/politica-de-privacidade\/","title":{"rendered":"Pol\u00edticade Privacidade"},"content":{"rendered":"\n<p>A presente Pol\u00edtica de Privacidade visa regular a utiliza\u00e7\u00e3o por voc\u00ea, usu\u00e1rio, de nossos servi\u00e7os pelo site.<\/p>\n\n\n\n<p>Atualizamos nossa pol\u00edtica de privacidade de acordo com a nova Lei Geral de Prote\u00e7\u00e3o de Dados (LGPD). Coletamos seus dados para oferecer uma experi\u00eancia personalizada de forma segura.<\/p>\n\n\n\n<h2 class=\"wp-block-heading\" id=\"o-que-e-a-lgpd\">O que \u00e9 a LGPD?<\/h2>\n\n\n\n<p>A Lei Geral de Prote\u00e7\u00e3o de Dados foi sancionada em 2018, garantindo mais seguran\u00e7a e transpar\u00eancia na coleta, armazenamento e compartilhamento de dados pessoais.<\/p>\n\n\n\n<p>\u00c9 uma lei que estabelece regras ao uso de dados pessoais de pessoas f\u00edsicas por entidades p\u00fablicas e privadas, que garante direitos aos titulares dos dados e estabelece uma regra m\u00ednima para coleta, armazenamento, tratamento e compartilhamento de dados pessoais de pessoas f\u00edsicas.<\/p>\n\n\n\n<p>As regras estabelecidas pela LGPD devem ser observadas por todos os setores do mercado: bancos, hospitais, com\u00e9rcios, empresas de e-commerce e tamb\u00e9m o setor p\u00fablico.<\/p>\n\n\n\n<h2 class=\"wp-block-heading\" id=\"o-que-sao-dados-pessoais\">O que s\u00e3o dados pessoais?<\/h2>\n\n\n\n<p>S\u00e3o informa\u00e7\u00f5es relativas a uma pessoa viva, identificada ou identific\u00e1vel. Tamb\u00e9m constituem dados pessoais o conjunto de informa\u00e7\u00f5es distintas que podem levar \u00e0 identifica\u00e7\u00e3o de uma determinada pessoa.<\/p>\n\n\n\n<h2 class=\"wp-block-heading\" id=\"quais-dados-coletamos-como-o-fazemos-e-como-utilizamos\">Quais dados coletamos, como o fazemos e como utilizamos?<\/h2>\n\n\n\n<p>Nossa coleta de dados \u00e9 realizada das seguintes maneiras, sendo os dados coletados diferentes em cada uma, e com diferentes objetivos:<\/p>\n\n\n\n<p><strong>Cookies:&nbsp;<\/strong>Dados podem ser coletados atrav\u00e9s de cookies, com o consentimento do usu\u00e1rio. Para mais informa\u00e7\u00f5es consulte nossa Pol\u00edtica de Cookies abaixo.<\/p>\n\n\n\n<p><strong>WhatsApp e Formul\u00e1rios:<\/strong>&nbsp;Quando um usu\u00e1rio entra em contato atrav\u00e9s de mensagens, como e-mail pelo formul\u00e1rio de contato e WhatsApp, coletamos dados com o objetivo de identificar o usu\u00e1rio, bem como para atender sua solicita\u00e7\u00e3o. Esses podem incluir, dentre outros, o Nome, e-mail, telefone, empresa, endere\u00e7o e mensagem. Al\u00e9m destes, coletamos qualquer dado pessoal que seja informado espontaneamente pelo usu\u00e1rio.<\/p>\n\n\n\n<h2 class=\"wp-block-heading\" id=\"como-protegemos-os-seus-dados\">Como protegemos os seus dados?<\/h2>\n\n\n\n<p>Para assegurar-se que as suas informa\u00e7\u00f5es pessoais est\u00e3o seguras, n\u00f3s comunicamos as nossas diretrizes de privacidade e seguran\u00e7a aos funcion\u00e1rios e seguimos estritamente as medidas de precau\u00e7\u00e3o com rela\u00e7\u00e3o a privacidade dentro da empresa.<\/p>\n\n\n\n<p>N\u00f3s nos empenhamos em proteger as suas Informa\u00e7\u00f5es pessoais, e aquelas confiadas a n\u00f3s, atrav\u00e9s de:<\/p>\n\n\n\n<ul class=\"wp-block-list\">\n<li>Medidas f\u00edsicas, t\u00e9cnicas, e organizacionais para reduzir os riscos de perda;<\/li>\n\n\n\n<li>M\u00e1 utiliza\u00e7\u00e3o;<\/li>\n\n\n\n<li>Acesso n\u00e3o autorizado;<\/li>\n\n\n\n<li>Divulga\u00e7\u00e3o e altera\u00e7\u00e3o indevida destes dados.<\/li>\n<\/ul>\n\n\n\n<h2 class=\"wp-block-heading\" id=\"com-quem-compartilhamos-seus-dados\">Com quem compartilhamos seus dados?<\/h2>\n\n\n\n<p>N\u00e3o temos como pr\u00e1tica a divulga\u00e7\u00e3o de informa\u00e7\u00f5es que possam identificar o usu\u00e1rio e jamais compartilhar esses dados pessoais a terceiros. Estes dados s\u00e3o de uso exclusivo interno da empresa para atingir as finalidades expressas no item anterior.<\/p>\n\n\n\n<p>Os dados poder\u00e3o ser compartilhados com terceiros apenas nas seguintes situa\u00e7\u00f5es:<\/p>\n\n\n\n<ul class=\"wp-block-list\">\n<li>Dados transferidos para fins de neg\u00f3cio com provedores de servi\u00e7os terceirizados que prestem servi\u00e7os para n\u00f3s, tais como envio de e-mails, propaganda e marketing, seguran\u00e7a e monitoramento de desempenho e processamento de dados;<\/li>\n\n\n\n<li>Mediante decis\u00e3o judicial ou solicita\u00e7\u00e3o pelos \u00f3rg\u00e3os de fiscaliza\u00e7\u00e3o governamentais;<\/li>\n\n\n\n<li>Dados transferidos para \u00f3rg\u00e3os p\u00fablicos para atender a legisla\u00e7\u00e3o vigente;<\/li>\n<\/ul>\n\n\n\n<h2 class=\"wp-block-heading\" id=\"seguranca-da-informacao\">Seguran\u00e7a da Informa\u00e7\u00e3o<\/h2>\n\n\n\n<p>Para assegurar-se de que as suas informa\u00e7\u00f5es pessoais est\u00e3o seguras, n\u00f3s comunicamos as nossas diretrizes de privacidade e seguran\u00e7a aos nossos funcion\u00e1rios e seguimos estritamente as medidas de precau\u00e7\u00e3o com rela\u00e7\u00e3o \u00e0 privacidade dentro da empresa.<\/p>\n\n\n\n<p>N\u00f3s nos empenhamos em proteger as suas Informa\u00e7\u00f5es pessoais, e aquelas confiadas a n\u00f3s, atrav\u00e9s de medidas f\u00edsicas, t\u00e9cnicas e organizacionais para reduzir os riscos de perda, mau uso, acesso n\u00e3o autorizado, divulga\u00e7\u00e3o e altera\u00e7\u00e3o indevida destes dados.<\/p>\n\n\n\n<h2 class=\"wp-block-heading\" id=\"quais-sao-seus-direitos-direitos-dos-titulares\">Quais s\u00e3o seus direitos? (Direitos dos Titulares)<\/h2>\n\n\n\n<p>Os Titulares de dados pessoais t\u00eam alguns direitos no que se refere aos seus dados pessoais e podem exerc\u00ea-los entrando em contato conosco.<\/p>\n\n\n\n<p><strong>S\u00e3o direitos dos titulares:<\/strong><\/p>\n\n\n\n<ul class=\"wp-block-list\">\n<li>Confirma\u00e7\u00e3o da exist\u00eancia de tratamento de dados pessoais;<\/li>\n\n\n\n<li>Acesso aos dados pessoais, nos termos da legisla\u00e7\u00e3o aplic\u00e1vel;<\/li>\n\n\n\n<li>Portabilidade dos dados;<\/li>\n\n\n\n<li>Exclus\u00e3o de dados, quando este forem tratados com base no consentimento do Titular ou quando os dados forem desnecess\u00e1rios, excessivos ou tratados em desconformidade com a legisla\u00e7\u00e3o aplic\u00e1vel;<\/li>\n\n\n\n<li>Solicita\u00e7\u00e3o de informa\u00e7\u00f5es sobre uso compartilhado de dados;<\/li>\n\n\n\n<li>Revoga\u00e7\u00e3o do consentimento, quando aplic\u00e1vel.<\/li>\n\n\n\n<li>Por motivos de seguran\u00e7a, somente poderemos atender \u00e0 solicita\u00e7\u00e3o se tivermos certeza da identidade do usu\u00e1rio. Sendo assim, poderemos solicitar dados ou informa\u00e7\u00f5es adicionais para a confirma\u00e7\u00e3o da identidade e da autenticidade do Titular. Estes dados e informa\u00e7\u00f5es ser\u00e3o protegidos durante o per\u00edodo de armazenamento, e eliminados quando n\u00e3o mais forem \u00fateis.<\/li>\n<\/ul>\n\n\n\n<h2 class=\"wp-block-heading\" id=\"termino-de-tratamento\">T\u00e9rmino de Tratamento<\/h2>\n\n\n\n<p>Esta Pol\u00edtica de Privacidade se aplica \u00e0s circunst\u00e2ncias acima mencionadas durante todo o per\u00edodo em que armazenamos os dados pessoais. N\u00f3s armazenamos e mantemos suas informa\u00e7\u00f5es:<br>(a) pelo tempo exigido por lei;<br>(b) at\u00e9 o t\u00e9rmino do tratamento de dados pessoais, conforme mencionado abaixo;<br>(c) pelo tempo necess\u00e1rio a preservar o leg\u00edtimo interesse.<\/p>\n\n\n\n<p>Assim, trataremos seus dados, por exemplo, durante os prazos prescricionais aplic\u00e1veis ou enquanto necess\u00e1rio para cumprimento de obriga\u00e7\u00e3o legal ou regulat\u00f3ria.<\/p>\n\n\n\n<p>O t\u00e9rmino do tratamento de dados pessoais ocorrer\u00e1 nos seguintes casos:<br>(a) quando a finalidade para qual o dado pessoal foi coletado for alcan\u00e7ada, e\/ou os dados pessoais coletados deixarem de ser necess\u00e1rios ou pertinentes ao alcance de tal finalidade;<br>(b) quando o Titular solicitar a exclus\u00e3o de seus dados;<br>(c) quando houver uma determina\u00e7\u00e3o legal neste sentido.<\/p>\n\n\n\n<p>Nos casos de t\u00e9rmino de tratamento de dados pessoais, ressalvadas as hip\u00f3teses estabelecidas pela legisla\u00e7\u00e3o aplic\u00e1vel ou pela presente Pol\u00edtica de Privacidade, os dados pessoais ser\u00e3o eliminados.<\/p>\n\n\n\n<h2 class=\"wp-block-heading\" id=\"em-caso-de-duvidas-com-quem-voce-pode-falar\">Em caso de d\u00favidas, com quem voc\u00ea pode falar?<\/h2>\n\n\n\n<p>Disponibilizamos abaixo os dados de contato do Encarregado de Dados Pessoais (DPO), sendo este o respons\u00e1vel por atender toda e qualquer solicita\u00e7\u00e3o por parte dos usu\u00e1rios, ou da Autoridade Nacional, que estejam relacionados com dados pessoais.<\/p>\n\n\n\n<p>Para qualquer d\u00favida, solicita\u00e7\u00e3o ou reclama\u00e7\u00e3o referente ao tratamento de dados pessoais, favor entrar em contato e solicitar o e-mail do nosso Encarregado de Dados Pessoais.<\/p>\n\n\n\n<p>Se, apesar do nosso compromisso e esfor\u00e7os para proteger seus dados, voc\u00ea achar que seus direitos de prote\u00e7\u00e3o de dados n\u00e3o foram atendidos, solicitamos que entre em contato com o nosso DPO. Al\u00e9m disso, voc\u00ea tem o direito, a qualquer momento, de registrar uma queixa diretamente com a Autoridade Nacional de Prote\u00e7\u00e3o de Dados.<\/p>\n\n\n\n<h2 class=\"wp-block-heading\" id=\"mudancas-na-politica-de-privacidade\">Mudan\u00e7as na Pol\u00edtica de Privacidade<\/h2>\n\n\n\n<p>Nos reservamos o direito de atualizar ou modificar esta Pol\u00edtica, em qualquer \u00e9poca e sem aviso pr\u00e9vio. No entanto, publicaremos sempre a nova vers\u00e3o revisada em nosso web site. Caso existam altera\u00e7\u00f5es na forma em que tratamos dados pessoais, voc\u00ea ser\u00e1 informado para que possa verificar se pretende continuar utilizando nossos servi\u00e7os.<\/p>\n\n\n\n<h2 class=\"wp-block-heading\" id=\"politica-de-cookies\">Pol\u00edtica de Cookies<\/h2>\n\n\n\n<p><strong>O que s\u00e3o cookies?<\/strong><\/p>\n\n\n\n<p>S\u00e3o arquivos criados pelos websites que armazenam h\u00e1bitos de navega\u00e7\u00e3o e outras informa\u00e7\u00f5es, ajudando a personalizar seu acesso e ter estat\u00edsticas de acesso.<\/p>\n\n\n\n<p>Exemplo: voc\u00ea acessa o site e visualiza um banner popup com um aviso importante e clica no bot\u00e3o \u201cN\u00e3o tenho interesse\u201d, ao fechar aquele banner o site armazena que voc\u00ea j\u00e1 visualizou e da pr\u00f3xima vez que entrar no site voc\u00ea n\u00e3o \u00e9 mais incomodado com aquele aviso.<\/p>\n\n\n\n<p><strong>E n\u00e3o \u00e9 perigoso ter minhas informa\u00e7\u00f5es armazenadas?<\/strong><\/p>\n\n\n\n<p>N\u00e3o \u00e9 perigoso. Todas as suas informa\u00e7\u00f5es coletadas em nosso site servem apenas para melhorar a sua experi\u00eancia e s\u00e3o protegidas por nosso sistema de seguran\u00e7a.<\/p>\n\n\n\n<p><strong>N\u00e3o gosto de cookies, como fa\u00e7o para desativ\u00e1-los?<\/strong><\/p>\n\n\n\n<p>\u00c9 poss\u00edvel desativar os cookies por meio das prefer\u00eancias do seu navegador. Sem eles sua navega\u00e7\u00e3o pode se tornar limitada e algumas funcionalidades dos sites podem ficar comprometidas.<\/p>\n\n\n\n<p>Veja as defini\u00e7\u00f5es sobre cookies em cada um dos navegadores:<\/p>\n\n\n\n<ul class=\"wp-block-list\">\n<li><a href=\"https:\/\/privacy.microsoft.com\/pt-BR\/windows-10-microsoft-edge-and-privacy\" target=\"_blank\" rel=\"noreferrer noopener\">Internet Explorer<\/a>;<\/li>\n\n\n\n<li><a href=\"https:\/\/support.mozilla.org\/pt-BR\/kb\/desative-cookies-no-firefox-parar-rastreamento\" target=\"_blank\" rel=\"noreferrer noopener\">Firefox<\/a>;<\/li>\n\n\n\n<li><a href=\"https:\/\/support.google.com\/accounts\/answer\/61416?hl=pt-BR\" target=\"_blank\" rel=\"noreferrer noopener\">Google Chrome<\/a>;<\/li>\n\n\n\n<li><a href=\"https:\/\/support.apple.com\/pt-br\/guide\/mdm\/mdmf7d5714d4\/1\/web\/1.0\" target=\"_blank\" rel=\"noreferrer noopener\">Safari<\/a>;<\/li>\n\n\n\n<li><a href=\"https:\/\/help.opera.com\/en\/latest\/security-and-privacy\/\" target=\"_blank\" rel=\"noreferrer noopener\">Opera<\/a>.<\/li>\n<\/ul>\n","protected":false},"excerpt":{"rendered":"A presente Pol\u00edtica de Privacidade visa regular a utiliza\u00e7\u00e3o por voc\u00ea, usu\u00e1rio, de nossos servi\u00e7os pelo site. Atualizamos&hellip;","protected":false},"author":1,"featured_media":0,"parent":0,"menu_order":0,"comment_status":"closed","ping_status":"closed","template":"","meta":{"csco_display_header_overlay":false,"csco_singular_sidebar":"","csco_page_header_type":"","footnotes":""},"class_list":{"0":"post-3","1":"page","2":"type-page","3":"status-publish","5":"cs-entry"},"yoast_head":"<!-- This site is optimized with the Yoast SEO plugin v27.2 - https:\/\/yoast.com\/product\/yoast-seo-wordpress\/ -->\n<title>Pol\u00edticade Privacidade - Blog Adv.page<\/title>\n<meta name=\"robots\" content=\"index, follow, max-snippet:-1, max-image-preview:large, max-video-preview:-1\" \/>\n<link rel=\"canonical\" href=\"https:\/\/adv.page\/blog\/politica-de-privacidade\/\" \/>\n<meta property=\"og:locale\" content=\"pt_BR\" \/>\n<meta property=\"og:type\" content=\"article\" \/>\n<meta property=\"og:title\" content=\"Pol\u00edticade Privacidade - Blog Adv.page\" \/>\n<meta property=\"og:description\" content=\"A presente Pol\u00edtica de Privacidade visa regular a utiliza\u00e7\u00e3o por voc\u00ea, usu\u00e1rio, de nossos servi\u00e7os pelo site. Atualizamos&hellip;\" \/>\n<meta property=\"og:url\" content=\"https:\/\/adv.page\/blog\/politica-de-privacidade\/\" \/>\n<meta property=\"og:site_name\" content=\"Blog Adv.page\" \/>\n<meta property=\"article:publisher\" content=\"https:\/\/www.facebook.com\/adv.page.oficial\" \/>\n<meta property=\"article:modified_time\" content=\"2025-02-19T18:35:56+00:00\" \/>\n<meta name=\"twitter:card\" content=\"summary_large_image\" \/>\n<meta name=\"twitter:label1\" content=\"Est. tempo de leitura\" \/>\n\t<meta name=\"twitter:data1\" content=\"7 minutos\" \/>\n<script type=\"application\/ld+json\" class=\"yoast-schema-graph\">{\"@context\":\"https:\/\/schema.org\",\"@graph\":[{\"@type\":\"WebPage\",\"@id\":\"https:\/\/adv.page\/blog\/politica-de-privacidade\/\",\"url\":\"https:\/\/adv.page\/blog\/politica-de-privacidade\/\",\"name\":\"Pol\u00edticade Privacidade - Blog Adv.page\",\"isPartOf\":{\"@id\":\"https:\/\/adv.page\/blog\/#website\"},\"datePublished\":\"2024-12-17T15:59:27+00:00\",\"dateModified\":\"2025-02-19T18:35:56+00:00\",\"breadcrumb\":{\"@id\":\"https:\/\/adv.page\/blog\/politica-de-privacidade\/#breadcrumb\"},\"inLanguage\":\"pt-BR\",\"potentialAction\":[{\"@type\":\"ReadAction\",\"target\":[\"https:\/\/adv.page\/blog\/politica-de-privacidade\/\"]}]},{\"@type\":\"BreadcrumbList\",\"@id\":\"https:\/\/adv.page\/blog\/politica-de-privacidade\/#breadcrumb\",\"itemListElement\":[{\"@type\":\"ListItem\",\"position\":1,\"name\":\"In\u00edcio\",\"item\":\"https:\/\/adv.page\/blog\/\"},{\"@type\":\"ListItem\",\"position\":2,\"name\":\"Pol\u00edticade Privacidade\"}]},{\"@type\":\"WebSite\",\"@id\":\"https:\/\/adv.page\/blog\/#website\",\"url\":\"https:\/\/adv.page\/blog\/\",\"name\":\"Blog Adv.page\",\"description\":\"Marketing Jur\u00eddico, Presen\u00e7a Digital e Tecnologia para Advogados\",\"publisher\":{\"@id\":\"https:\/\/adv.page\/blog\/#organization\"},\"potentialAction\":[{\"@type\":\"SearchAction\",\"target\":{\"@type\":\"EntryPoint\",\"urlTemplate\":\"https:\/\/adv.page\/blog\/?s={search_term_string}\"},\"query-input\":{\"@type\":\"PropertyValueSpecification\",\"valueRequired\":true,\"valueName\":\"search_term_string\"}}],\"inLanguage\":\"pt-BR\"},{\"@type\":\"Organization\",\"@id\":\"https:\/\/adv.page\/blog\/#organization\",\"name\":\"Blog Adv.page\",\"url\":\"https:\/\/adv.page\/blog\/\",\"logo\":{\"@type\":\"ImageObject\",\"inLanguage\":\"pt-BR\",\"@id\":\"https:\/\/adv.page\/blog\/#\/schema\/logo\/image\/\",\"url\":\"https:\/\/adv.page\/blog\/wp-content\/uploads\/2024\/12\/logo-adv-page_Prancheta-1-copia-3.png\",\"contentUrl\":\"https:\/\/adv.page\/blog\/wp-content\/uploads\/2024\/12\/logo-adv-page_Prancheta-1-copia-3.png\",\"width\":2846,\"height\":1601,\"caption\":\"Blog Adv.page\"},\"image\":{\"@id\":\"https:\/\/adv.page\/blog\/#\/schema\/logo\/image\/\"},\"sameAs\":[\"https:\/\/www.facebook.com\/adv.page.oficial\"]}]}<\/script>\n<!-- \/ Yoast SEO plugin. -->","yoast_head_json":{"title":"Pol\u00edticade Privacidade - Blog Adv.page","robots":{"index":"index","follow":"follow","max-snippet":"max-snippet:-1","max-image-preview":"max-image-preview:large","max-video-preview":"max-video-preview:-1"},"canonical":"https:\/\/adv.page\/blog\/politica-de-privacidade\/","og_locale":"pt_BR","og_type":"article","og_title":"Pol\u00edticade Privacidade - Blog Adv.page","og_description":"A presente Pol\u00edtica de Privacidade visa regular a utiliza\u00e7\u00e3o por voc\u00ea, usu\u00e1rio, de nossos servi\u00e7os pelo site. Atualizamos&hellip;","og_url":"https:\/\/adv.page\/blog\/politica-de-privacidade\/","og_site_name":"Blog Adv.page","article_publisher":"https:\/\/www.facebook.com\/adv.page.oficial","article_modified_time":"2025-02-19T18:35:56+00:00","twitter_card":"summary_large_image","twitter_misc":{"Est. tempo de leitura":"7 minutos"},"schema":{"@context":"https:\/\/schema.org","@graph":[{"@type":"WebPage","@id":"https:\/\/adv.page\/blog\/politica-de-privacidade\/","url":"https:\/\/adv.page\/blog\/politica-de-privacidade\/","name":"Pol\u00edticade Privacidade - Blog Adv.page","isPartOf":{"@id":"https:\/\/adv.page\/blog\/#website"},"datePublished":"2024-12-17T15:59:27+00:00","dateModified":"2025-02-19T18:35:56+00:00","breadcrumb":{"@id":"https:\/\/adv.page\/blog\/politica-de-privacidade\/#breadcrumb"},"inLanguage":"pt-BR","potentialAction":[{"@type":"ReadAction","target":["https:\/\/adv.page\/blog\/politica-de-privacidade\/"]}]},{"@type":"BreadcrumbList","@id":"https:\/\/adv.page\/blog\/politica-de-privacidade\/#breadcrumb","itemListElement":[{"@type":"ListItem","position":1,"name":"In\u00edcio","item":"https:\/\/adv.page\/blog\/"},{"@type":"ListItem","position":2,"name":"Pol\u00edticade Privacidade"}]},{"@type":"WebSite","@id":"https:\/\/adv.page\/blog\/#website","url":"https:\/\/adv.page\/blog\/","name":"Blog Adv.page","description":"Marketing Jur\u00eddico, Presen\u00e7a Digital e Tecnologia para Advogados","publisher":{"@id":"https:\/\/adv.page\/blog\/#organization"},"potentialAction":[{"@type":"SearchAction","target":{"@type":"EntryPoint","urlTemplate":"https:\/\/adv.page\/blog\/?s={search_term_string}"},"query-input":{"@type":"PropertyValueSpecification","valueRequired":true,"valueName":"search_term_string"}}],"inLanguage":"pt-BR"},{"@type":"Organization","@id":"https:\/\/adv.page\/blog\/#organization","name":"Blog Adv.page","url":"https:\/\/adv.page\/blog\/","logo":{"@type":"ImageObject","inLanguage":"pt-BR","@id":"https:\/\/adv.page\/blog\/#\/schema\/logo\/image\/","url":"https:\/\/adv.page\/blog\/wp-content\/uploads\/2024\/12\/logo-adv-page_Prancheta-1-copia-3.png","contentUrl":"https:\/\/adv.page\/blog\/wp-content\/uploads\/2024\/12\/logo-adv-page_Prancheta-1-copia-3.png","width":2846,"height":1601,"caption":"Blog Adv.page"},"image":{"@id":"https:\/\/adv.page\/blog\/#\/schema\/logo\/image\/"},"sameAs":["https:\/\/www.facebook.com\/adv.page.oficial"]}]}},"_links":{"self":[{"href":"https:\/\/adv.page\/blog\/wp-json\/wp\/v2\/pages\/3","targetHints":{"allow":["GET"]}}],"collection":[{"href":"https:\/\/adv.page\/blog\/wp-json\/wp\/v2\/pages"}],"about":[{"href":"https:\/\/adv.page\/blog\/wp-json\/wp\/v2\/types\/page"}],"author":[{"embeddable":true,"href":"https:\/\/adv.page\/blog\/wp-json\/wp\/v2\/users\/1"}],"replies":[{"embeddable":true,"href":"https:\/\/adv.page\/blog\/wp-json\/wp\/v2\/comments?post=3"}],"version-history":[{"count":1,"href":"https:\/\/adv.page\/blog\/wp-json\/wp\/v2\/pages\/3\/revisions"}],"predecessor-version":[{"id":2520,"href":"https:\/\/adv.page\/blog\/wp-json\/wp\/v2\/pages\/3\/revisions\/2520"}],"wp:attachment":[{"href":"https:\/\/adv.page\/blog\/wp-json\/wp\/v2\/media?parent=3"}],"curies":[{"name":"wp","href":"https:\/\/api.w.org\/{rel}","templated":true}]}}